{"id":2227,"date":"2019-04-29T09:48:25","date_gmt":"2019-04-29T07:48:25","guid":{"rendered":"http:\/\/tonifruit.com\/datenschutzerklaerung\/"},"modified":"2020-05-13T13:29:07","modified_gmt":"2020-05-13T11:29:07","slug":"datenschutzerklaerung","status":"publish","type":"page","link":"https:\/\/tonifruit.com\/de\/datenschutzerklaerung\/","title":{"rendered":"Datenschutzerkl\u00e4rung"},"content":{"rendered":"\t\t<div data-elementor-type=\"wp-post\" data-elementor-id=\"2227\" class=\"elementor elementor-2227 elementor-3\" data-elementor-post-type=\"page\">\n\t\t\t\t\t\t\t\t\t<section class=\"elementor-section elementor-top-section elementor-element elementor-element-45fb9e56 elementor-section-boxed elementor-section-height-default elementor-section-height-default\" data-id=\"45fb9e56\" data-element_type=\"section\" data-settings=\"{&quot;jet_parallax_layout_list&quot;:[{&quot;jet_parallax_layout_image&quot;:{&quot;url&quot;:&quot;&quot;,&quot;id&quot;:&quot;&quot;,&quot;size&quot;:&quot;&quot;},&quot;_id&quot;:&quot;71d55c4&quot;,&quot;jet_parallax_layout_image_tablet&quot;:{&quot;url&quot;:&quot;&quot;,&quot;id&quot;:&quot;&quot;,&quot;size&quot;:&quot;&quot;},&quot;jet_parallax_layout_image_mobile&quot;:{&quot;url&quot;:&quot;&quot;,&quot;id&quot;:&quot;&quot;,&quot;size&quot;:&quot;&quot;},&quot;jet_parallax_layout_speed&quot;:{&quot;unit&quot;:&quot;%&quot;,&quot;size&quot;:50,&quot;sizes&quot;:[]},&quot;jet_parallax_layout_type&quot;:&quot;scroll&quot;,&quot;jet_parallax_layout_z_index&quot;:&quot;&quot;,&quot;jet_parallax_layout_bg_x&quot;:50,&quot;jet_parallax_layout_bg_y&quot;:50,&quot;jet_parallax_layout_bg_size&quot;:&quot;auto&quot;,&quot;jet_parallax_layout_animation_prop&quot;:&quot;transform&quot;,&quot;jet_parallax_layout_on&quot;:[&quot;desktop&quot;,&quot;tablet&quot;],&quot;jet_parallax_layout_direction&quot;:null,&quot;jet_parallax_layout_fx_direction&quot;:null,&quot;jet_parallax_layout_bg_x_tablet&quot;:&quot;&quot;,&quot;jet_parallax_layout_bg_x_mobile&quot;:&quot;&quot;,&quot;jet_parallax_layout_bg_y_tablet&quot;:&quot;&quot;,&quot;jet_parallax_layout_bg_y_mobile&quot;:&quot;&quot;,&quot;jet_parallax_layout_bg_size_tablet&quot;:&quot;&quot;,&quot;jet_parallax_layout_bg_size_mobile&quot;:&quot;&quot;}]}\">\n\t\t\t\t\t\t<div class=\"elementor-container elementor-column-gap-default\">\n\t\t\t\t\t<div class=\"elementor-column elementor-col-100 elementor-top-column elementor-element elementor-element-42c95eb8\" data-id=\"42c95eb8\" data-element_type=\"column\">\n\t\t\t<div class=\"elementor-widget-wrap elementor-element-populated\">\n\t\t\t\t\t\t\t\t<div class=\"elementor-element elementor-element-d36dec9 elementor-widget elementor-widget-heading\" data-id=\"d36dec9\" data-element_type=\"widget\" data-widget_type=\"heading.default\">\n\t\t\t\t<div class=\"elementor-widget-container\">\n\t\t\t<h1 class=\"elementor-heading-title elementor-size-default\">Datenschutzerkl\u00e4rung<\/h1>\t\t<\/div>\n\t\t\t\t<\/div>\n\t\t\t\t<div class=\"elementor-element elementor-element-22412e60 elementor-widget elementor-widget-text-editor\" data-id=\"22412e60\" data-element_type=\"widget\" data-widget_type=\"text-editor.default\">\n\t\t\t\t<div class=\"elementor-widget-container\">\n\t\t\t\t\t\t\t<p><strong>1. die Aufnahme der Daten in die Personendatensammlung.<\/strong><\/p>\n<p>In \u00dcbereinstimmung mit den geltenden Rechtsvorschriften \u00fcber den Schutz personenbezogener Daten, der Eigent\u00fcmer von <strong>To\u00f1iFruit<\/strong> und Anschrift: C\/ Molino Grande, 300892 Librilla. Murcia. Spanien (nachfolgend der <strong>Eigent\u00fcmer<\/strong>), informiert Sie \u00fcber die Existenz einer Datei mit personenbezogenen Daten, die die Daten enth\u00e4lt, die Kunden und\/oder Benutzer der Website in die verschiedenen Abschnitte der Website eingeben, wobei der Eigent\u00fcmer selbst f\u00fcr diese Datei verantwortlich ist und Empf\u00e4nger der verarbeiteten Daten ist, es sei denn, in den folgenden Abschnitten wird ausdr\u00fccklich ein anderer Empf\u00e4nger angegeben.<br \/>\nDer Benutzer und Eigent\u00fcmer der Daten wird dar\u00fcber informiert und gibt seine unmissverst\u00e4ndliche Zustimmung, dass durch das Ausf\u00fcllen der verschiedenen Formulare, die Eingabe von Daten und anderen Daten, die durch die auf dieser Website verwendeten Mittel erhalten werden, seine pers\u00f6nlichen Daten in die oben genannte Datei aufgenommen werden, um &#8211; falls zutreffend &#8211; den Verkauf der vertraglich vereinbarten Produkte durchf\u00fchren zu k\u00f6nnen, unsere Dienstleistungen zu erbringen und anzubieten sowie den Benutzer \u00fcber die angebotenen Produkte auf dem Laufenden zu halten, wenn der Benutzer dem ausdr\u00fccklich zugestimmt hat. In diesem Fall kann er ihm informative oder werbende elektronische Mitteilungen zusenden, von denen er sich, falls er dies w\u00fcnscht, kostenlos abmelden kann. Die in den verschiedenen Abschnitten angeforderten Daten sind f\u00fcr die Erbringung der Dienstleistung erforderlich, es sei denn, diese Anforderung ist im entsprechenden Feld nicht angegeben.<br \/>\nDer Benutzer kann jederzeit die Zustimmung zu den beschriebenen kommerziellen Nutzungen kostenfrei widerrufen.<\/p>\n<p><strong>2. die Art der gesammelten Daten.<\/strong><\/p>\n<p>Bei der Registrierung des Benutzers auf dieser Website werden die folgenden pers\u00f6nlichen Daten gesammelt und in die oben genannte Datei aufgenommen.<br \/>\n-Name und E-Mail der Kontaktperson<\/p>\n<p><strong>3. \u00dcbertragung von pers\u00f6nlichen Daten.<\/strong><\/p>\n<p>Die \u00fcbermittelten pers\u00f6nlichen Daten werden nur in den F\u00e4llen an Dritte weitergegeben, die von der geltenden Gesetzgebung abgedeckt sind, und es wird keine Weitergabe der Daten ohne die ausdr\u00fcckliche Zustimmung der betroffenen Partei durchgef\u00fchrt, es sei denn, es handelt sich um einen Fall, in dem eine solche Zustimmung gem\u00e4\u00df der geltenden Gesetzgebung nicht erforderlich ist.<\/p>\n<p><strong>4. Behandlung und Wahrhaftigkeit der Daten.<\/strong><\/p>\n<p>Der Eigent\u00fcmer verpflichtet sich, die pers\u00f6nlichen Daten vertraulich zu behandeln. Zu diesem Zweck ergreift der Eigent\u00fcmer angemessene Sicherheitsma\u00dfnahmen, die gesetzlich vorgesehen sind, um seine \u00c4nderung, seinen Verlust oder unbefugten Zugang zu verhindern.<br \/>\nEs wird auch darauf hingewiesen, dass der Benutzer f\u00fcr die Richtigkeit der angegebenen Daten verantwortlich ist, und der Eigent\u00fcmer beh\u00e4lt sich das Recht vor, sein Konto zu l\u00f6schen, wenn er Unregelm\u00e4\u00dfigkeiten bez\u00fcglich der Richtigkeit der angegebenen Daten feststellt.<br \/>\nEs wird auch berichtet, dass auf einigen Seiten dieser Website Cookies verwendet werden k\u00f6nnen, deren Zweck statistischer Natur ist und mit denen der Service f\u00fcr Kunden und Benutzer verbessert werden soll.<\/p>\n<p><strong>5. Recht auf Zugang, Berichtigung, L\u00f6schung und Widerspruch gegen eine Behandlung.<\/strong><\/p>\n<p>Der Benutzer kann seine Rechte auf Zugang, Berichtigung, L\u00f6schung und Widerspruch seiner pers\u00f6nlichen Daten gem\u00e4\u00df den in der geltenden Gesetzgebung festgelegten Bedingungen aus\u00fcben, indem er sich mit dem Eigent\u00fcmer in Verbindung setzen, und zwar mit jedem Mittel, das es erlaubt, den Versand und Empfang der Anfrage an der E-Mail Adresse [Feld auszuf\u00fcllen] oder an die Postanschrift in [Feld auszuf\u00fcllen] nachzuweisen, und f\u00fcr die Aus\u00fcbung der Aus\u00fcbung angeben, dass sie beabsichtigen, die folgenden Daten auszu\u00fcben:<br \/>\nName, Vorname(n) des Interessenten und eine Fotokopie des Personalausweises des Interessenten und in Ausnahmef\u00e4llen der Person, die ihn vertritt, sowie das Dokument, das diese Vertretung belegt. Die Fotokopie der DNI kann ersetzt werden, vorausgesetzt, dass die Identit\u00e4t durch ein anderes gesetzlich g\u00fcltiges Mittel beglaubigt wird.<br \/>\nAntrag, in dem die Anwendung angegeben wird.<br \/>\nAdresse f\u00fcr Benachrichtigungszwecke, Datum und Unterschrift des Antragstellers.<br \/>\nGegebenenfalls Dokumente, die den gestellten Antrag beglaubigen.<\/p>\n<p><strong>6. \u00c4nderung der Datenschutzrichtlinie.<\/strong><\/p>\n<p>Diese Datenschutzpolitik kann sich im Laufe der Zeit aufgrund m\u00f6glicher \u00c4nderungen der Gesetzgebung, der Rechtsprechung oder der von der spanischen Datenschutzbeh\u00f6rde und\/oder der zust\u00e4ndigen Beh\u00f6rde zu einem bestimmten Zeitpunkt befolgten Kriterien \u00e4ndern. Daher beh\u00e4lt sich der Inhaber das Recht vor, die vorliegenden Bedingungen zu \u00e4ndern, um sie an neue Gesetzgebung oder Rechtsprechung anzupassen, die genau zum Zeitpunkt des Zugriffs auf das Web in Kraft sind, sowie an die Praktiken in diesem Sektor.<\/p>\n\t\t\t\t\t\t<\/div>\n\t\t\t\t<\/div>\n\t\t\t\t<div class=\"elementor-element elementor-element-5a949e7 elementor-widget elementor-widget-heading\" data-id=\"5a949e7\" data-element_type=\"widget\" data-widget_type=\"heading.default\">\n\t\t\t\t<div class=\"elementor-widget-container\">\n\t\t\t<h1 class=\"elementor-heading-title elementor-size-default\">Richtlinie zu Cookies<\/h1>\t\t<\/div>\n\t\t\t\t<\/div>\n\t\t\t\t<div class=\"elementor-element elementor-element-9206b26 elementor-widget elementor-widget-text-editor\" data-id=\"9206b26\" data-element_type=\"widget\" data-widget_type=\"text-editor.default\">\n\t\t\t\t<div class=\"elementor-widget-container\">\n\t\t\t\t\t\t\t<p>Der Eigent\u00fcmer dieser Website informiert Sie \u00fcber seine Cookie-Politik gem\u00e4\u00df den Bestimmungen des Artikels 22.2 des Gesetzes 34\/2002 vom 11. Juli \u00fcber die Dienste der Informationsgesellschaft und den elektronischen Handel.<br \/>\nIn diesem Zusammenhang weisen wir Sie darauf hin, dass Cookies Dateien sind, die auf Ihr Ger\u00e4t heruntergeladen werden k\u00f6nnen, wenn Sie auf bestimmte Webseiten zugreifen, und die es dieser Seite unter anderem erm\u00f6glichen, Informationen \u00fcber die Surfgewohnheiten eines Benutzers oder seines Computers zu speichern und abzurufen, und je nach den darin enthaltenen Informationen und der Art und Weise, wie er seinen Computer benutzt, k\u00f6nnen sie dazu verwendet werden, den Benutzer zu erkennen.<br \/>\nIm Allgemeinen k\u00f6nnen wir sagen, dass es die folgenden Arten von Cookies gibt (ein Cookie kann verschiedenen Typen angeh\u00f6ren), wie sie im Leitfaden f\u00fcr Cookies definiert sind, der von der spanischen Agentur f\u00fcr den Schutz personenbezogener Daten erstellt wurde:<br \/>\n<strong>Eigene Cookies:<\/strong> Diese werden von einem Computer oder einer Dom\u00e4ne, die vom Herausgeber selbst verwaltet wird und von der aus der vom Benutzer angeforderte Dienst bereitgestellt wird, an das Endger\u00e4t des Benutzers gesendet.<br \/>\n<strong>Cookies von Dritten:<\/strong> Cookies werden von einem Computer oder einer Dom\u00e4ne, die nicht vom Herausgeber verwaltet wird, sondern von einer anderen Einheit, die die durch Cookies erhaltenen Daten verarbeitet, an das Endger\u00e4t des Benutzers gesendet.<br \/>\n<strong>Session-Cookies:<\/strong> Dies ist eine Art von Cookie, die dazu dient, Daten zu sammeln und zu speichern, w\u00e4hrend der Benutzer auf eine Website zugreift.<br \/>\n<strong>Persistente Cookies:<\/strong> Dabei handelt es sich um eine Art Cookie, bei dem die Daten noch im Terminal gespeichert sind und w\u00e4hrend eines von der f\u00fcr das Cookie verantwortlichen Person festgelegten Zeitraums, der von einigen Minuten bis zu mehreren Jahren reichen kann, abgerufen und verarbeitet werden k\u00f6nnen.<br \/>\n<strong>Technische Cookies:<\/strong> Sie erm\u00f6glichen es dem Benutzer, durch eine Webseite, Plattform oder Anwendung zu navigieren und die verschiedenen Optionen oder Dienste zu nutzen, die es dort gibt, wie z.B. die Kontrolle des Datenverkehrs und der Datenkommunikation, die Identifizierung der Sitzung, den Zugang zu Teilen des eingeschr\u00e4nkten Zugangs, die Erinnerung an die Elemente, aus denen eine Bestellung besteht, die Durchf\u00fchrung des Kaufvorgangs einer Bestellung, die Beantragung der Registrierung oder Teilnahme an einer Veranstaltung, die Verwendung von Sicherheitselementen w\u00e4hrend der Navigation, die Speicherung von Inhalten f\u00fcr die Ausstrahlung von Videos oder Ton oder die gemeinsame Nutzung von Inhalten \u00fcber soziale Netzwerke.<br \/>\n<strong>Personalisierungs-Cookies:<\/strong> Dies sind diejenigen, die es dem Benutzer erm\u00f6glichen, auf den Dienst mit einigen allgemeinen Merkmalen zuzugreifen, die nach einer Reihe von Kriterien im Terminal des Benutzers vordefiniert sind, wie z.B. Sprache, Art des Browsers, \u00fcber den der Benutzer auf den Dienst zugreift, regionale Konfiguration, von der aus der Benutzer auf den Dienst zugreift, usw.<br \/>\n<strong>Analyse-Cookies:<\/strong> Hierbei handelt es sich um diejenigen, die entweder von der Website selbst oder von Dritten verarbeitet werden und die es erm\u00f6glichen, die Anzahl der Benutzer zu quantifizieren und somit die Messung und statistische Analyse der Nutzung des angebotenen Dienstes durch die Benutzer zu erm\u00f6glichen. Zu diesem Zweck wird ihre Navigation auf der betreffenden Website analysiert, um die angebotenen Produkte oder Dienstleistungen zu verbessern.<br \/>\n<strong>Werbe-Cookies:<\/strong> Hierbei handelt es sich um solche, die eine m\u00f6glichst effiziente Verwaltung der Werbefl\u00e4chen erm\u00f6glichen, die der Herausgeber gegebenenfalls in eine Webseite, Anwendung oder Plattform eingebunden hat, von der aus er die angeforderte Dienstleistung aufgrund von Kriterien wie dem redaktionellen Inhalt oder der H\u00e4ufigkeit, mit der die Anzeigen gezeigt werden, erbringt.<br \/>\n<strong>Verhaltensbasierte Werbe-Cookies:<\/strong> Hierbei handelt es sich um solche, die eine m\u00f6glichst effiziente Verwaltung der Werbefl\u00e4chen erm\u00f6glichen, die der Herausgeber gegebenenfalls in eine Webseite, Anwendung oder Plattform aufgenommen hat, von der aus er die gew\u00fcnschte Dienstleistung anbietet. Diese Cookies speichern Informationen \u00fcber das Verhalten der Benutzer, die durch die kontinuierliche Beobachtung ihrer Surfgewohnheiten gewonnen werden, was die Entwicklung eines spezifischen Profils erm\u00f6glicht, um darauf aufbauend Werbung anzuzeigen.<br \/>\nEs ist auch m\u00f6glich, dass, wenn Sie eine Webseite besuchen oder eine E-Mail \u00f6ffnen, in der eine Werbung oder eine Promotion \u00fcber die Produkte oder Dienstleistungen der betreffenden Webseite ver\u00f6ffentlicht wird, ein Cookie in Ihrem Browser installiert wird, das dazu dient, Ihnen sp\u00e4ter Werbung im Zusammenhang mit der von Ihnen durchgef\u00fchrten Suche anzuzeigen, um eine Kontrolle unserer Anzeigen zu entwickeln, z.B. in Bezug auf die Anzahl, wie oft sie gesehen werden, wo sie erscheinen, zu welcher Zeit sie gesehen werden, usw.<br \/>\nInsbesondere die folgenden Arten von Cookies werden auf dieser Website verwendet:<br \/>\n<strong>Sitzungs-Cookies, Analytics-Cookies (Google Analytics)<\/strong><br \/>\nWie wir in verschiedenen Abschnitten dieser Website informiert werden, verstehen wir, dass Sie durch das Browsen durch diese Website diese Politik der Cookies und die Installation von Cookies auf Ihrem Ger\u00e4t akzeptieren. Wenn Sie jedoch einige oder alle der verwendeten Cookies ausdr\u00fccklich zulassen, blockieren oder l\u00f6schen oder Ihre Zustimmung widerrufen m\u00f6chten, k\u00f6nnen Sie dies durch Konfiguration der Browser-Optionen tun. Wir erinnern Sie auch daran, dass Sie auf einige Bereiche der Website m\u00f6glicherweise nicht zugreifen k\u00f6nnen, wenn Sie die Installation von Cookies in Ihrem Browser nicht zulassen.<br \/>\nWeitere Informationen \u00fcber den Chrome-Browser finden Sie <a href=\"https:\/\/support.google.com\/chrome\/answer\/95647?hl=es&amp;hlrm=en\">hier<\/a>.<br \/>\nWeitere Informationen \u00fcber den Firefox-Browser finden Sie <a href=\"https:\/\/support.mozilla.org\/es\/kb\/cookies-informacion-que-los-sitios-web-guardan-en-?redirectlocale=en-US&amp;redirectslug=Cookies\">hier<\/a>.<br \/>\nWeitere Informationen \u00fcber den Browser Internet Explorer finden Sie <a href=\"http:\/\/windows.microsoft.com\/es-xl\/internet-explorer\/delete-manage-cookies#ie=ie-10\">hier<\/a>.<br \/>\nWeitere Informationen zum Safari-Browser finden Sie <a href=\"http:\/\/support.apple.com\/kb\/PH19214?viewlocale=es_ES&amp;locale=en_GB\">hier<\/a>.<br \/>\nFalls Ihr Browser oben nicht aufgef\u00fchrt ist, \u00fcberpr\u00fcfen Sie bitte das Internet oder die Optionen Ihres Browsers.<br \/>\nAbschlie\u00dfend m\u00f6chten wir Sie dar\u00fcber informieren, dass unsere Richtlinie \u00fcber Cookies, verwendete Cookies, Verwendungszwecke usw. im Laufe der Zeit aktualisiert werden kann. Daher ist es erforderlich, dass Sie die Cookie-Richtlinie unserer Website konsultieren, um die aktuellste Version zu kennen.<br \/>\nF\u00fcr weitere Informationen \u00fcber die Verwendung von Cookies, Typologie usw. k\u00f6nnen Sie den von der spanischen Datenschutzbeh\u00f6rde erstellten Leitfaden unter dem folgenden Link konsultieren: Leitfaden f\u00fcr die Verwendung von Cookies.<\/p>\n\t\t\t\t\t\t<\/div>\n\t\t\t\t<\/div>\n\t\t\t\t\t<\/div>\n\t\t<\/div>\n\t\t\t\t\t\t\t<\/div>\n\t\t<\/section>\n\t\t\t\t\t\t\t<\/div>\n\t\t","protected":false},"excerpt":{"rendered":"<p>Datenschutzerkl\u00e4rung 1. die Aufnahme der Daten in die Personendatensammlung. In \u00dcbereinstimmung mit den geltenden Rechtsvorschriften \u00fcber den Schutz personenbezogener Daten, der Eigent\u00fcmer von To\u00f1iFruit und Anschrift: C\/ Molino Grande, 300892 Librilla. Murcia. Spanien (nachfolgend der Eigent\u00fcmer), informiert Sie \u00fcber die Existenz einer Datei mit personenbezogenen Daten, die die Daten enth\u00e4lt, die Kunden und\/oder Benutzer der &hellip;<\/p>\n<p class=\"read-more\"> <a class=\"\" href=\"https:\/\/tonifruit.com\/de\/datenschutzerklaerung\/\"> <span class=\"screen-reader-text\">Datenschutzerkl\u00e4rung<\/span> Weiterlesen &raquo;<\/a><\/p>\n","protected":false},"author":1,"featured_media":0,"parent":0,"menu_order":99,"comment_status":"closed","ping_status":"closed","template":"","meta":{"site-sidebar-layout":"default","site-content-layout":"default","ast-site-content-layout":"","site-content-style":"default","site-sidebar-style":"default","ast-global-header-display":"","ast-banner-title-visibility":"","ast-main-header-display":"","ast-hfb-above-header-display":"","ast-hfb-below-header-display":"","ast-hfb-mobile-header-display":"","site-post-title":"disabled","ast-breadcrumbs-content":"disabled","ast-featured-img":"disabled","footer-sml-layout":"","theme-transparent-header-meta":"default","adv-header-id-meta":"","stick-header-meta":"","header-above-stick-meta":"","header-main-stick-meta":"","header-below-stick-meta":"","astra-migrate-meta-layouts":"","footnotes":""},"_links":{"self":[{"href":"https:\/\/tonifruit.com\/de\/wp-json\/wp\/v2\/pages\/2227"}],"collection":[{"href":"https:\/\/tonifruit.com\/de\/wp-json\/wp\/v2\/pages"}],"about":[{"href":"https:\/\/tonifruit.com\/de\/wp-json\/wp\/v2\/types\/page"}],"author":[{"embeddable":true,"href":"https:\/\/tonifruit.com\/de\/wp-json\/wp\/v2\/users\/1"}],"replies":[{"embeddable":true,"href":"https:\/\/tonifruit.com\/de\/wp-json\/wp\/v2\/comments?post=2227"}],"version-history":[{"count":1,"href":"https:\/\/tonifruit.com\/de\/wp-json\/wp\/v2\/pages\/2227\/revisions"}],"predecessor-version":[{"id":2228,"href":"https:\/\/tonifruit.com\/de\/wp-json\/wp\/v2\/pages\/2227\/revisions\/2228"}],"wp:attachment":[{"href":"https:\/\/tonifruit.com\/de\/wp-json\/wp\/v2\/media?parent=2227"}],"curies":[{"name":"wp","href":"https:\/\/api.w.org\/{rel}","templated":true}]}}