{"id":1934,"date":"2019-04-29T09:48:25","date_gmt":"2019-04-29T07:48:25","guid":{"rendered":"http:\/\/tonifruit.com\/confidentialite\/"},"modified":"2020-05-13T09:17:25","modified_gmt":"2020-05-13T07:17:25","slug":"confidentialite","status":"publish","type":"page","link":"https:\/\/tonifruit.com\/fr\/confidentialite\/","title":{"rendered":"Confidentialit\u00e9"},"content":{"rendered":"\t\t<div data-elementor-type=\"wp-post\" data-elementor-id=\"1934\" class=\"elementor elementor-1934 elementor-3\" data-elementor-post-type=\"page\">\n\t\t\t\t\t\t\t\t\t<section class=\"elementor-section elementor-top-section elementor-element elementor-element-45fb9e56 elementor-section-boxed elementor-section-height-default elementor-section-height-default\" data-id=\"45fb9e56\" data-element_type=\"section\" data-settings=\"{&quot;jet_parallax_layout_list&quot;:[{&quot;jet_parallax_layout_image&quot;:{&quot;url&quot;:&quot;&quot;,&quot;id&quot;:&quot;&quot;,&quot;size&quot;:&quot;&quot;},&quot;_id&quot;:&quot;71d55c4&quot;,&quot;jet_parallax_layout_image_tablet&quot;:{&quot;url&quot;:&quot;&quot;,&quot;id&quot;:&quot;&quot;,&quot;size&quot;:&quot;&quot;},&quot;jet_parallax_layout_image_mobile&quot;:{&quot;url&quot;:&quot;&quot;,&quot;id&quot;:&quot;&quot;,&quot;size&quot;:&quot;&quot;},&quot;jet_parallax_layout_speed&quot;:{&quot;unit&quot;:&quot;%&quot;,&quot;size&quot;:50,&quot;sizes&quot;:[]},&quot;jet_parallax_layout_type&quot;:&quot;scroll&quot;,&quot;jet_parallax_layout_z_index&quot;:&quot;&quot;,&quot;jet_parallax_layout_bg_x&quot;:50,&quot;jet_parallax_layout_bg_y&quot;:50,&quot;jet_parallax_layout_bg_size&quot;:&quot;auto&quot;,&quot;jet_parallax_layout_animation_prop&quot;:&quot;transform&quot;,&quot;jet_parallax_layout_on&quot;:[&quot;desktop&quot;,&quot;tablet&quot;],&quot;jet_parallax_layout_direction&quot;:null,&quot;jet_parallax_layout_fx_direction&quot;:null,&quot;jet_parallax_layout_bg_x_tablet&quot;:&quot;&quot;,&quot;jet_parallax_layout_bg_x_mobile&quot;:&quot;&quot;,&quot;jet_parallax_layout_bg_y_tablet&quot;:&quot;&quot;,&quot;jet_parallax_layout_bg_y_mobile&quot;:&quot;&quot;,&quot;jet_parallax_layout_bg_size_tablet&quot;:&quot;&quot;,&quot;jet_parallax_layout_bg_size_mobile&quot;:&quot;&quot;}]}\">\n\t\t\t\t\t\t<div class=\"elementor-container elementor-column-gap-default\">\n\t\t\t\t\t<div class=\"elementor-column elementor-col-100 elementor-top-column elementor-element elementor-element-42c95eb8\" data-id=\"42c95eb8\" data-element_type=\"column\">\n\t\t\t<div class=\"elementor-widget-wrap elementor-element-populated\">\n\t\t\t\t\t\t\t\t<div class=\"elementor-element elementor-element-d36dec9 elementor-widget elementor-widget-heading\" data-id=\"d36dec9\" data-element_type=\"widget\" data-widget_type=\"heading.default\">\n\t\t\t\t<div class=\"elementor-widget-container\">\n\t\t\t<h1 class=\"elementor-heading-title elementor-size-default\">Confidentialit\u00e9<\/h1>\t\t<\/div>\n\t\t\t\t<\/div>\n\t\t\t\t<div class=\"elementor-element elementor-element-22412e60 elementor-widget elementor-widget-text-editor\" data-id=\"22412e60\" data-element_type=\"widget\" data-widget_type=\"text-editor.default\">\n\t\t\t\t<div class=\"elementor-widget-container\">\n\t\t\t\t\t\t\t<p><strong>1. Incorporation des donn\u00e9es dans le fichier de donn\u00e9es personnelles.<\/strong><\/p>\n<p>Conform\u00e9ment aux dispositions de la l\u00e9gislation actuelle sur la protection des donn\u00e9es personnelles, le propri\u00e9taire de <strong>To\u00f1iFruit<\/strong> et son domicile \u00e0 C \/ Molino Grande, 300892 Librilla. Murcie. Espagne (ci-apr\u00e8s le <strong>Titulaire<\/strong>) vous informe de l&rsquo;existence d&rsquo;un fichier de donn\u00e9es personnelles contenant les donn\u00e9es que les clients et \/ ou utilisateurs du site saisissent dans les diff\u00e9rentes rubriques du web, \u00e9tant le propri\u00e9taire responsable du dit fichier et destinataire des donn\u00e9es trait\u00e9es, sauf si un autre destinataire est express\u00e9ment sp\u00e9cifi\u00e9 dans les sections suivantes. L&rsquo;utilisateur et le propri\u00e9taire des donn\u00e9es sont inform\u00e9s et donnent leur consentement sans \u00e9quivoque qu&rsquo;en remplissant les diff\u00e9rents formulaires, en saisissant des donn\u00e9es et en obtenant d&rsquo;autres donn\u00e9es par tout moyen utilis\u00e9 sur ce site, vos donn\u00e9es personnelles seront int\u00e9gr\u00e9es dans le fichier susmentionn\u00e9 afin de pouvoir effectuer les ventes de produits sous contrat &#8211; le cas \u00e9ch\u00e9ant -, fournir et proposer nos services, ainsi que tenir l&rsquo;utilisateur inform\u00e9 des produits propos\u00e9s, si l&rsquo;utilisateur a express\u00e9ment consenti, auquel cas il peut lui envoyer des communications \u00e9lectroniques informatives ou promotionnelles dont il peut, s&rsquo;il le souhaite, se d\u00e9sinscrire gratuitement. Les donn\u00e9es demand\u00e9es dans les diff\u00e9rentes rubriques sont n\u00e9cessaires \u00e0 la prestation du service sauf si cette obligation n&rsquo;est pas indiqu\u00e9e dans le champ correspondant.<br \/>\n\u00c0 tout moment, l&rsquo;utilisateur peut retirer son consentement pour les utilisations commerciales d\u00e9crites gratuitement.<\/p>\n<p><strong>2. Type de donn\u00e9es collect\u00e9es.<\/strong><\/p>\n<p>Lors de l&rsquo;inscription de l&rsquo;utilisateur sur ce site, les donn\u00e9es personnelles suivantes seront collect\u00e9es, et elles seront int\u00e9gr\u00e9es dans le fichier susmentionn\u00e9.<br \/>\n&#8211; Nom et e-mail de contact<\/p>\n<p><strong>3. Transfert de donn\u00e9es personnelles.<\/strong><\/p>\n<p>Les donn\u00e9es personnelles fournies ne seront transf\u00e9r\u00e9es \u00e0 des tiers que dans les cas couverts par la l\u00e9gislation en vigueur et aucun transfert ne sera effectu\u00e9 sans le consentement expr\u00e8s de la partie concern\u00e9e, sauf dans le cas d&rsquo;un \u00e9v\u00e9nement dans lequel ledit consentement n&rsquo;est pas requis. \u00e0 la l\u00e9gislation applicable.<\/p>\n<p><strong>4. Traitement et v\u00e9racit\u00e9 des donn\u00e9es.<\/strong><\/p>\n<p>Le propri\u00e9taire s&rsquo;engage \u00e0 traiter les donn\u00e9es personnelles de mani\u00e8re confidentielle. \u00c0 ces fins, il adoptera les mesures de s\u00e9curit\u00e9 raisonnables pr\u00e9vues par la loi pour emp\u00eacher son alt\u00e9ration, sa perte ou son acc\u00e8s non autoris\u00e9.<br \/>\nIl est \u00e9galement inform\u00e9 que l&rsquo;utilisateur sera responsable de la v\u00e9racit\u00e9 des donn\u00e9es fournies et le Propri\u00e9taire se r\u00e9serve le droit d&rsquo;annuler son compte s&rsquo;il d\u00e9tecte une irr\u00e9gularit\u00e9 concernant la v\u00e9racit\u00e9 des donn\u00e9es fournies.<br \/>\nEn outre, il est signal\u00e9 que des cookies peuvent \u00eatre utilis\u00e9s sur certaines pages de ce site dont le but est statistique et d&rsquo;am\u00e9liorer le service aux clients et aux utilisateurs.<\/p>\n<p><strong>5. Droits d&rsquo;acc\u00e8s, de rectification, annulation et opposition au traitement.<\/strong><\/p>\n<p>L&rsquo;utilisateur peut exercer ses droits d&rsquo;acc\u00e8s, de rectification, d&rsquo;annulation et d&rsquo;opposition de ses donn\u00e9es personnelles dans les termes \u00e9tablis dans la l\u00e9gislation en vigueur, en contactant le Propri\u00e9taire, par tout moyen pouvant prouver l&rsquo;envoi et la r\u00e9ception de la demande par \u00e0 partir de l&rsquo;e-mail [champ en attente de remplissage] ou \u00e0 l&rsquo;adresse postale dans [champ en attente de remplissage], et en indiquant, pour l&rsquo;exercice, qu&rsquo;ils ont l&rsquo;intention d&rsquo;exercer les donn\u00e9es suivantes:<br \/>\nNom, pr\u00e9nom de l&rsquo;int\u00e9ress\u00e9 et photocopie du DNI de l&rsquo;int\u00e9ress\u00e9 et, dans les cas exceptionnellement admis, de la personne qui le repr\u00e9sente, ainsi que le document accr\u00e9ditant cette repr\u00e9sentation. La photocopie du DNI peut \u00eatre remplac\u00e9e tant que l&rsquo;identit\u00e9 est accr\u00e9dit\u00e9e par tout autre moyen valide en droit.<br \/>\nDemande dans laquelle la demande est sp\u00e9cifi\u00e9e.<br \/>\nAdresse aux fins de notification, date et signature du demandeur.<br \/>\nDocuments accr\u00e9ditant la demande que vous formulez, le cas \u00e9ch\u00e9ant.<\/p>\n<p><strong>6. Modification de la politique de confidentialit\u00e9.<\/strong><\/p>\n<p>Cette politique de protection des donn\u00e9es peut varier dans le temps en raison de possibles modifications l\u00e9gislatives, jurisprudentielles ou des crit\u00e8res suivis par l&rsquo;Agence espagnole de protection des donn\u00e9es et \/ ou l&rsquo;autorit\u00e9 comp\u00e9tente \u00e0 tout moment. C&rsquo;est pourquoi le Propri\u00e9taire se r\u00e9serve le droit de modifier ces conditions pour les adapter \u00e0 la nouvelle l\u00e9gislation ou jurisprudence en vigueur au moment pr\u00e9cis de l&rsquo;acc\u00e8s au web, ainsi qu&rsquo;aux pratiques du secteur.<\/p>\n<p>&nbsp;<\/p>\n\t\t\t\t\t\t<\/div>\n\t\t\t\t<\/div>\n\t\t\t\t<div class=\"elementor-element elementor-element-5a949e7 elementor-widget elementor-widget-heading\" data-id=\"5a949e7\" data-element_type=\"widget\" data-widget_type=\"heading.default\">\n\t\t\t\t<div class=\"elementor-widget-container\">\n\t\t\t<h1 class=\"elementor-heading-title elementor-size-default\">Politique de cookies<\/h1>\t\t<\/div>\n\t\t\t\t<\/div>\n\t\t\t\t<div class=\"elementor-element elementor-element-9206b26 elementor-widget elementor-widget-text-editor\" data-id=\"9206b26\" data-element_type=\"widget\" data-widget_type=\"text-editor.default\">\n\t\t\t\t<div class=\"elementor-widget-container\">\n\t\t\t\t\t\t\t<p>Le propri\u00e9taire de ce site vous informe de sa politique en mati\u00e8re de cookies conform\u00e9ment aux dispositions de l&rsquo;article 22.2 de la loi 34\/2002 du 11 juillet Services de la soci\u00e9t\u00e9 de l&rsquo;information et du commerce \u00e9lectronique.<\/p>\n<p>En ce sens, nous vous informons que les cookies sont des fichiers qui peuvent \u00eatre t\u00e9l\u00e9charg\u00e9s sur votre appareil lors de l&rsquo;acc\u00e8s \u00e0 certaines pages Web et qui permettent, entre autres, \u00e0 cette page de stocker et de r\u00e9cup\u00e9rer des informations sur les habitudes de navigation d&rsquo;un utilisateur ou de ses l&rsquo;\u00e9quipement et, selon les informations qu&rsquo;ils contiennent et la fa\u00e7on dont vous utilisez votre \u00e9quipement, ils peuvent \u00eatre utilis\u00e9s pour reconna\u00eetre l&rsquo;utilisateur.<\/p>\n<p>En g\u00e9n\u00e9ral, nous pouvons dire qu&rsquo;il existe les types de cookies suivants (un cookie peut \u00e0 son tour appartenir \u00e0 diff\u00e9rents types) tels que d\u00e9finis par le Guide sur les cookies pr\u00e9par\u00e9 par l&rsquo;Agencia Espa\u00f1ola de Protecci\u00f3n de Datos Personales:<\/p>\n<p><strong>Cookies propres<\/strong>: Ce sont ceux qui sont envoy\u00e9s \u00e0 l&rsquo;\u00e9quipement terminal de l&rsquo;utilisateur \u00e0 partir d&rsquo;un ordinateur ou d&rsquo;un domaine g\u00e9r\u00e9 par l&rsquo;\u00e9diteur lui-m\u00eame et \u00e0 partir duquel le service demand\u00e9 par l&rsquo;utilisateur est fourni.<\/p>\n<p><strong>Cookies tiers<\/strong>: Ce sont ceux qui sont envoy\u00e9s \u00e0 l&rsquo;\u00e9quipement terminal de l&rsquo;utilisateur depuis un ordinateur ou un domaine qui n&rsquo;est pas g\u00e9r\u00e9 par l&rsquo;\u00e9diteur, mais par une autre entit\u00e9 qui traite les donn\u00e9es obtenues via les cookies.<\/p>\n<p><strong>Cookies de session<\/strong>: Il s&rsquo;agit d&rsquo;un type de cookies con\u00e7u pour collecter et stocker des donn\u00e9es pendant que l&rsquo;utilisateur acc\u00e8de \u00e0 une page Web.<\/p>\n<p><strong>Cookies persistants:<\/strong> Il s&rsquo;agit d&rsquo;un type de cookies dans lequel les donn\u00e9es sont toujours stock\u00e9es dans le terminal et peuvent \u00eatre consult\u00e9es et trait\u00e9es pendant une p\u00e9riode d\u00e9finie par le responsable du cookie, et pouvant aller de quelques minutes \u00e0 plusieurs ann\u00e9es.<\/p>\n<p><strong>Cookies techniques<\/strong>: Ce sont ceux qui permettent \u00e0 l&rsquo;utilisateur de naviguer sur une page Web, une plate-forme ou une application et d&rsquo;utiliser les diff\u00e9rentes options ou services qui y existent, tels que, par exemple, contr\u00f4ler le trafic et la communication de donn\u00e9es, identifier la session, acc\u00e9der \u00e0 aux parties d&rsquo;acc\u00e8s restreint, m\u00e9moriser les \u00e9l\u00e9ments qui composent une commande, effectuer le processus d&rsquo;achat d&rsquo;une commande, faire la demande d&rsquo;inscription ou de participation \u00e0 un \u00e9v\u00e8nement, utiliser des \u00e9l\u00e9ments de s\u00e9curit\u00e9 lors de la navigation, stocker du contenu pour la diffusion de vid\u00e9os ou \u00e9couter ou partager du contenu via les r\u00e9seaux sociaux.<\/p>\n<p><strong>Cookies de personnalisation<\/strong>: Ce sont ceux qui permettent \u00e0 l&rsquo;utilisateur d&rsquo;acc\u00e9der au service avec certaines caract\u00e9ristiques g\u00e9n\u00e9rales pr\u00e9d\u00e9finies bas\u00e9es sur une s\u00e9rie de crit\u00e8res dans le terminal de l&rsquo;utilisateur, tels que la langue, le type de navigateur via lequel le service est acc\u00e9d\u00e9, la configuration r\u00e9gionale d&rsquo;o\u00f9 vous acc\u00e9dez au service, etc.<\/p>\n<p><strong>Cookies d&rsquo;analyse<\/strong>: Ce sont ceux qui, bien trait\u00e9s par le site lui-m\u00eame ou par des tiers, permettent de quantifier le nombre d&rsquo;utilisateurs et d&rsquo;effectuer ainsi la mesure statistique et l&rsquo;analyse de l&rsquo;utilisation faite par les utilisateurs du service propos\u00e9. Pour ce faire, votre navigation sur le site en question est analys\u00e9e afin d&rsquo;am\u00e9liorer l&rsquo;offre de produits ou services propos\u00e9s.<\/p>\n<p><strong>Cookies publicitaires<\/strong>: Ce sont ceux qui permettent la gestion, de la mani\u00e8re la plus efficace possible, des espaces publicitaires que l&rsquo;\u00e9diteur a inclus, le cas \u00e9ch\u00e9ant, dans une page Web, une application ou une plateforme \u00e0 partir de laquelle le service demand\u00e9 est fourni en fonction de crit\u00e8res tels que le contenu modifi\u00e9 ou la fr\u00e9quence \u00e0 laquelle les annonces sont affich\u00e9es.<\/p>\n<p><strong>Cookies publicitaires comportementaux<\/strong>: Ce sont ceux qui permettent la gestion, de la mani\u00e8re la plus efficace possible, des espaces publicitaires que l&rsquo;\u00e9diteur a inclus, le cas \u00e9ch\u00e9ant, dans une page Web, une application ou une plateforme \u00e0 partir de laquelle le service demand\u00e9 est fourni. Ces cookies stockent des informations sur le comportement des utilisateurs obtenues gr\u00e2ce \u00e0 l&rsquo;observation continue de leurs habitudes de navigation, permettant le d\u00e9veloppement d&rsquo;un profil sp\u00e9cifique pour afficher des publicit\u00e9s bas\u00e9es sur celui-ci. Il est \u00e9galement possible que lors de la visite d&rsquo;une page Web ou lors de l&rsquo;ouverture d&rsquo;un e-mail o\u00f9 une publicit\u00e9 ou une promotion est publi\u00e9e sur les produits ou services de la page Web en question, un cookie soit install\u00e9 dans votre navigateur qui vous montrera plus tard des publicit\u00e9s li\u00e9es \u00e0 la recherche que vous avez r\u00e9alis\u00e9, d\u00e9velopper un contr\u00f4le de nos annonces en fonction, par exemple, du nombre de fois o\u00f9 elles sont vues, o\u00f9 elles apparaissent, \u00e0 quelle heure elles sont vues, etc.<br \/>\nEn particulier, les types de cookies suivants sont utilis\u00e9s sur ce site Web:<\/p>\n<p><strong>Cookies de session, cookies analitiques (Google Analytics)<\/strong><br \/>\nComme indiqu\u00e9 dans diff\u00e9rentes sections de ce site Web, nous comprenons qu&rsquo;en naviguant \u00e0 travers celui-ci, vous acceptez cette politique de cookies et l&rsquo;installation de cookies sur votre appareil.Cependant, si vous souhaitez autoriser express\u00e9ment, bloquer ou \u00e9liminer tout ou partie des cookies utilis\u00e9s ou r\u00e9voquer votre consentement, vous pouvez le faire en configurant les options du navigateur. Nous vous rappelons \u00e9galement que, si vous n&rsquo;autorisez pas l&rsquo;installation de cookies dans votre navigateur, vous ne pourrez peut-\u00eatre acc\u00e9der \u00e0 aucune des sections du site.<br \/>\nPour plus d&rsquo;informations sur le navigateur Chrome, <a href=\"https:\/\/support.google.com\/chrome\/answer\/95647?hl=es&amp;hlrm=en\">cliquez ici.<\/a><br \/>\nPour plus d&rsquo;informations sur le navigateur Firefox, <a href=\"https:\/\/support.mozilla.org\/es\/kb\/cookies-informacion-que-los-sitios-web-guardan-en-?redirectlocale=en-US&amp;redirectslug=Cookies\">cliquez ici<\/a>.<br \/>\nPour plus d&rsquo;informations sur le navigateur Internet Explorer, <a href=\"http:\/\/windows.microsoft.com\/es-xl\/internet-explorer\/delete-manage-cookies#ie=ie-10\">cliquez ici<\/a>.<br \/>\nPour plus d&rsquo;informations sur le navigateur Safari, <a href=\"http:\/\/support.apple.com\/kb\/PH19214?viewlocale=es_ES&amp;locale=en_GB\">cliquez ici<\/a>.<br \/>\nSi votre navigateur ne figure pas dans la liste pr\u00e9c\u00e9dente, consultez Internet ou les options de votre navigateur.<br \/>\nEnfin, nous vous informons que, dans la mesure o\u00f9 notre politique en mati\u00e8re de cookies, cookies utilis\u00e9s, finalit\u00e9s, etc., peut \u00eatre mise \u00e0 jour au fil du temps, il est n\u00e9cessaire que vous consultiez la politique de cookies de notre site Internet afin de conna\u00eetre la version la plus r\u00e9cente.<br \/>\nPour plus d&rsquo;informations sur l&rsquo;utilisation des cookies, la typologie, etc., vous pouvez consulter le guide pr\u00e9par\u00e9 par l&rsquo;Agence espagnole de protection des donn\u00e9es sur le lien suivant: Guide sur l&rsquo;utilisation des cookies.<\/p>\n\t\t\t\t\t\t<\/div>\n\t\t\t\t<\/div>\n\t\t\t\t\t<\/div>\n\t\t<\/div>\n\t\t\t\t\t\t\t<\/div>\n\t\t<\/section>\n\t\t\t\t\t\t\t<\/div>\n\t\t","protected":false},"excerpt":{"rendered":"<p>Confidentialit\u00e9 1. Incorporation des donn\u00e9es dans le fichier de donn\u00e9es personnelles. Conform\u00e9ment aux dispositions de la l\u00e9gislation actuelle sur la protection des donn\u00e9es personnelles, le propri\u00e9taire de To\u00f1iFruit et son domicile \u00e0 C \/ Molino Grande, 300892 Librilla. Murcie. Espagne (ci-apr\u00e8s le Titulaire) vous informe de l&rsquo;existence d&rsquo;un fichier de donn\u00e9es personnelles contenant les donn\u00e9es &hellip;<\/p>\n<p class=\"read-more\"> <a class=\"\" href=\"https:\/\/tonifruit.com\/fr\/confidentialite\/\"> <span class=\"screen-reader-text\">Confidentialit\u00e9<\/span> Lire la suite\u00a0\u00bb<\/a><\/p>\n","protected":false},"author":1,"featured_media":0,"parent":0,"menu_order":99,"comment_status":"closed","ping_status":"closed","template":"","meta":{"site-sidebar-layout":"default","site-content-layout":"default","ast-site-content-layout":"","site-content-style":"default","site-sidebar-style":"default","ast-global-header-display":"","ast-banner-title-visibility":"","ast-main-header-display":"","ast-hfb-above-header-display":"","ast-hfb-below-header-display":"","ast-hfb-mobile-header-display":"","site-post-title":"disabled","ast-breadcrumbs-content":"disabled","ast-featured-img":"disabled","footer-sml-layout":"","theme-transparent-header-meta":"default","adv-header-id-meta":"","stick-header-meta":"","header-above-stick-meta":"","header-main-stick-meta":"","header-below-stick-meta":"","astra-migrate-meta-layouts":"","footnotes":""},"_links":{"self":[{"href":"https:\/\/tonifruit.com\/fr\/wp-json\/wp\/v2\/pages\/1934"}],"collection":[{"href":"https:\/\/tonifruit.com\/fr\/wp-json\/wp\/v2\/pages"}],"about":[{"href":"https:\/\/tonifruit.com\/fr\/wp-json\/wp\/v2\/types\/page"}],"author":[{"embeddable":true,"href":"https:\/\/tonifruit.com\/fr\/wp-json\/wp\/v2\/users\/1"}],"replies":[{"embeddable":true,"href":"https:\/\/tonifruit.com\/fr\/wp-json\/wp\/v2\/comments?post=1934"}],"version-history":[{"count":1,"href":"https:\/\/tonifruit.com\/fr\/wp-json\/wp\/v2\/pages\/1934\/revisions"}],"predecessor-version":[{"id":1935,"href":"https:\/\/tonifruit.com\/fr\/wp-json\/wp\/v2\/pages\/1934\/revisions\/1935"}],"wp:attachment":[{"href":"https:\/\/tonifruit.com\/fr\/wp-json\/wp\/v2\/media?parent=1934"}],"curies":[{"name":"wp","href":"https:\/\/api.w.org\/{rel}","templated":true}]}}