{"id":2702,"date":"2019-04-29T09:48:25","date_gmt":"2019-04-29T07:48:25","guid":{"rendered":"http:\/\/tonifruit.com\/informativa-sulla-privacy\/"},"modified":"2020-05-25T10:27:41","modified_gmt":"2020-05-25T08:27:41","slug":"informativa-sulla-privacy","status":"publish","type":"page","link":"https:\/\/tonifruit.com\/it\/informativa-sulla-privacy\/","title":{"rendered":"Informativa sulla privacy"},"content":{"rendered":"\t\t<div data-elementor-type=\"wp-post\" data-elementor-id=\"2702\" class=\"elementor elementor-2702 elementor-3\" data-elementor-post-type=\"page\">\n\t\t\t\t\t\t\t\t\t<section class=\"elementor-section elementor-top-section elementor-element elementor-element-45fb9e56 elementor-section-boxed elementor-section-height-default elementor-section-height-default\" data-id=\"45fb9e56\" data-element_type=\"section\" data-settings=\"{&quot;jet_parallax_layout_list&quot;:[{&quot;jet_parallax_layout_image&quot;:{&quot;url&quot;:&quot;&quot;,&quot;id&quot;:&quot;&quot;,&quot;size&quot;:&quot;&quot;},&quot;_id&quot;:&quot;71d55c4&quot;,&quot;jet_parallax_layout_image_tablet&quot;:{&quot;url&quot;:&quot;&quot;,&quot;id&quot;:&quot;&quot;,&quot;size&quot;:&quot;&quot;},&quot;jet_parallax_layout_image_mobile&quot;:{&quot;url&quot;:&quot;&quot;,&quot;id&quot;:&quot;&quot;,&quot;size&quot;:&quot;&quot;},&quot;jet_parallax_layout_speed&quot;:{&quot;unit&quot;:&quot;%&quot;,&quot;size&quot;:50,&quot;sizes&quot;:[]},&quot;jet_parallax_layout_type&quot;:&quot;scroll&quot;,&quot;jet_parallax_layout_z_index&quot;:&quot;&quot;,&quot;jet_parallax_layout_bg_x&quot;:50,&quot;jet_parallax_layout_bg_y&quot;:50,&quot;jet_parallax_layout_bg_size&quot;:&quot;auto&quot;,&quot;jet_parallax_layout_animation_prop&quot;:&quot;transform&quot;,&quot;jet_parallax_layout_on&quot;:[&quot;desktop&quot;,&quot;tablet&quot;],&quot;jet_parallax_layout_direction&quot;:null,&quot;jet_parallax_layout_fx_direction&quot;:null,&quot;jet_parallax_layout_bg_x_tablet&quot;:&quot;&quot;,&quot;jet_parallax_layout_bg_x_mobile&quot;:&quot;&quot;,&quot;jet_parallax_layout_bg_y_tablet&quot;:&quot;&quot;,&quot;jet_parallax_layout_bg_y_mobile&quot;:&quot;&quot;,&quot;jet_parallax_layout_bg_size_tablet&quot;:&quot;&quot;,&quot;jet_parallax_layout_bg_size_mobile&quot;:&quot;&quot;}]}\">\n\t\t\t\t\t\t<div class=\"elementor-container elementor-column-gap-default\">\n\t\t\t\t\t<div class=\"elementor-column elementor-col-100 elementor-top-column elementor-element elementor-element-42c95eb8\" data-id=\"42c95eb8\" data-element_type=\"column\">\n\t\t\t<div class=\"elementor-widget-wrap elementor-element-populated\">\n\t\t\t\t\t\t\t\t<div class=\"elementor-element elementor-element-d36dec9 elementor-widget elementor-widget-heading\" data-id=\"d36dec9\" data-element_type=\"widget\" data-widget_type=\"heading.default\">\n\t\t\t\t<div class=\"elementor-widget-container\">\n\t\t\t<h1 class=\"elementor-heading-title elementor-size-default\">Informativa sulla privacy<\/h1>\t\t<\/div>\n\t\t\t\t<\/div>\n\t\t\t\t<div class=\"elementor-element elementor-element-22412e60 elementor-widget elementor-widget-text-editor\" data-id=\"22412e60\" data-element_type=\"widget\" data-widget_type=\"text-editor.default\">\n\t\t\t\t<div class=\"elementor-widget-container\">\n\t\t\t\t\t\t\t<p><strong>1. Incorporazione dei dati nel file dei dati personali.<\/strong><\/p>\n<p>In conformit\u00e0 con la normativa vigente in materia di protezione dei dati personali, il titolare di <strong>To\u00f1iFruit<\/strong> e l&#8217;indirizzo \u00e8 a C\/ Molino Grande, 30892 Librilla. Murcia.<br \/>\nSpagna (di seguito il <strong>Titolare<\/strong>), informa l&#8217;utente dell&#8217;esistenza di un file di dati personali contenente i dati che i clienti e\/o gli utenti del sito inseriscono nelle varie sezioni del sito, essendo il titolare stesso responsabile di tale file e il destinatario dei dati trattati, a meno che un altro destinatario non sia espressamente specificato nelle seguenti sezioni. L&#8217;utente e proprietario dei dati \u00e8 informato, e d\u00e0 il suo inequivocabile consenso, che compilando i vari moduli, inserendo i dati e gli altri dati ottenuti con qualsiasi mezzo utilizzato in questo sito web, i suoi dati personali saranno inseriti nel suddetto file per poter effettuare le vendite dei prodotti oggetto del contratto &#8211; se del caso, di fornire e offrire i nostri servizi, nonch\u00e9 di tenere l&#8217;utente informato sui prodotti offerti, se l&#8217;utente ha espressamente acconsentito, nel qual caso potr\u00e0 inviargli comunicazioni elettroniche informative o promozionali da cui, se lo desidera, potr\u00e0 disdire gratuitamente<br \/>\nl&#8217;iscrizione. I dati richiesti nelle varie sezioni sono necessari per l&#8217;erogazione del servizio, a meno che tale requisito non sia indicato nel campo corrispondente.<br \/>\nIn qualsiasi momento l&#8217;utente pu\u00f2 ritirare gratuitamente il consenso per gli usi commerciali descritti.<\/p>\n<p><strong>2. Tipo di dati raccolti.<\/strong><\/p>\n<p>Durante la registrazione dell&#8217;utente su questo sito web, i seguenti dati personali saranno raccolti e incorporati nel suddetto file.<br \/>\n-Nome ed e-mail del contatto<\/p>\n<p><strong>3. Trasferimento dei dati personali.<\/strong><br \/>\nI dati personali forniti saranno trasferiti a terzi solo nei casi previsti dalla legislazione vigente e nessun trasferimento dei dati sar\u00e0 effettuato senza il consenso espresso della parte interessata, a meno che non si tratti di un caso in cui tale consenso non sia richiesto ai sensi della legislazione applicabile.<\/p>\n<p><strong>4. Trattamento e veridicit\u00e0 dei dati.<\/strong><br \/>\nIl Titolare si impegna a trattare con riservatezza i dati personali. A tal fine, egli adotter\u00e0 le ragionevoli misure di sicurezza previste dalla legge per evitare la sua alterazione, perdita o accesso non autorizzato.<br \/>\nSi informa inoltre che l&#8217;utente sar\u00e0 responsabile della veridicit\u00e0 dei dati forniti e il Titolare si riserva il diritto di cancellare il proprio account qualora rilevi eventuali irregolarit\u00e0 sulla veridicit\u00e0 dei dati forniti.<br \/>\nSi segnala inoltre che i cookie possono essere utilizzati in alcune pagine di questo sito per scopi statistici e per migliorare il servizio ai clienti e agli utenti.<\/p>\n<p><strong>5. Diritti di accesso, rettifica, cancellazione e opposizione al trattamento.<\/strong><br \/>\nL&#8217;utente potr\u00e0 esercitare i diritti di accesso, rettifica, cancellazione e opposizione dei propri dati personali nei termini stabiliti dalla normativa vigente, contattando il Titolare, con qualsiasi mezzo che consenta di provare l&#8217;invio e la ricezione della richiesta via e- mail [campo in attesa di essere compilato] o all&#8217;indirizzo postale in [campo in attesa di essere compilato], e dichiarando, per l&#8217;esercizio che intende esercitare i seguenti dati:N ome, cognome e fotocopia della carta d&#8217;identit\u00e0 dell&#8217;interessato e, in casi eccezionali, della persona che lo rappresenta, nonch\u00e9 il documento comprovante tale rappresentazione. La fotocopia del DNI pu\u00f2 essere sostituita a condizione che l&#8217;identit\u00e0 sia accreditata con qualsiasi altro mezzo valido per legge.<br \/>\nRichiesta in cui viene specificata la richiesta. Indirizzo per la notifica, data e firma del richiedente.<br \/>\nDocumenti che accreditano la richiesta effettuata, se del caso.<\/p>\n<p><strong>6. Modifica dell&#8217;informativa sulla privacy.<\/strong><br \/>\nQuesta politica di protezione dei dati pu\u00f2 variare nel tempo a causa di possibili cambiamenti nella legislazione, nella giurisprudenza o nei criteri seguiti dall&#8217;Agenzia<br \/>\nspagnola per la protezione dei dati e\/o dall&#8217;autorit\u00e0 competente in un determinato momento. Pertanto, il Titolare si riserva il diritto di modificare le presenti condizioni per adeguarle alla nuova legislazione o giurisprudenza in vigore nel preciso momento in cui si accede al web, nonch\u00e9 alle pratiche del settore.<\/p>\n\t\t\t\t\t\t<\/div>\n\t\t\t\t<\/div>\n\t\t\t\t<div class=\"elementor-element elementor-element-5a949e7 elementor-widget elementor-widget-heading\" data-id=\"5a949e7\" data-element_type=\"widget\" data-widget_type=\"heading.default\">\n\t\t\t\t<div class=\"elementor-widget-container\">\n\t\t\t<h1 class=\"elementor-heading-title elementor-size-default\">Politica dei cookie<\/h1>\t\t<\/div>\n\t\t\t\t<\/div>\n\t\t\t\t<div class=\"elementor-element elementor-element-9206b26 elementor-widget elementor-widget-text-editor\" data-id=\"9206b26\" data-element_type=\"widget\" data-widget_type=\"text-editor.default\">\n\t\t\t\t<div class=\"elementor-widget-container\">\n\t\t\t\t\t\t\t<p>Il proprietario di questo sito web vi informa della sua politica sui cookie in conformit\u00e0 con le disposizioni dell&#8217;articolo 22.2 della legge 34\/2002 dell&#8217;11 luglio sui servizi della societ\u00e0 dell&#8217;informazione e sul commercio elettronico.<br \/>\nA questo proposito, la informiamo che i cookies sono file che possono essere scaricati sul suo dispositivo quando accede a determinate pagine web e che permettono, tra l&#8217;altro, di memorizzare e recuperare informazioni sulle abitudini di navigazione di un utente o del suo computer e, a seconda delle informazioni che contengono e del modo in cui utilizza il suo computer, possono essere utilizzati per riconoscere l&#8217;utente.<br \/>\nIn generale, possiamo dire che esistono i seguenti tipi di cookie (un cookie pu\u00f2 appartenere a diversi tipi) come definito nella Guida ai cookie preparata dall&#8217;Agenzia spagnola per la protezione dei dati personali:<br \/>\n<strong>Cookies propri<\/strong>: sono inviati al terminale dell&#8217;utente da un computer o dominio gestito dall&#8217;editore stesso e dal quale viene fornito il servizio richiesto dall&#8217;utente.<br \/>\n<strong>Cookie di terze parti<\/strong>: I cookie vengono inviati all&#8217;apparecchiatura terminale dell&#8217;utente da un computer o da un dominio che non \u00e8 gestito dall&#8217;editore, ma da un&#8217;altra entit\u00e0 che elabora i dati ottenuti attraverso i cookie.<br \/>\n<strong>Session Cookies<\/strong>: sono un tipo di cookie progettato per raccogliere e memorizzare dati mentre l&#8217;utente accede a un sito web.<br \/>\n<strong>Biscotti persistenti:<\/strong> Si tratta di un tipo di cookie in cui i dati sono ancora memorizzati nel terminale e possono essere consultati ed elaborati durante un periodo definito dal responsabile del cookie, che pu\u00f2 variare da pochi minuti a diversi anni.<br \/>\n<strong>Cookie tecnici:<\/strong> permettono all&#8217;utente di navigare attraverso una pagina web, una piattaforma o un&#8217;applicazione e di utilizzare le diverse opzioni o servizi in essa esistenti, come, ad esempio, il controllo del traffico e della comunicazione di dati, l&#8217;identificazione della sessione, l&#8217;accesso a parti ad accesso limitato, la memorizzazione degli elementi che compongono un ordine, l&#8217;esecuzione del processo di acquisto di un ordine, la richiesta di registrazione o la partecipazione ad un evento, l&#8217;utilizzo di elementi di sicurezza durante la navigazione, la memorizzazione di contenuti per la diffusione di video o audio o la condivisione di contenuti attraverso i social network.<br \/>\n<strong>Cookies di personalizzazione:<\/strong> sono quelli che permettono all&#8217;utente di accedere al servizio con alcune caratteristiche generali predefinite secondo una serie di criteri predefiniti nel terminale dell&#8217;utente, come la lingua, il tipo di browser attraverso il quale l&#8217;utente accede al servizio, la configurazione regionale da cui l&#8217;utente accede al servizio, ecc.<br \/>\n<strong>Cookies di analisi:<\/strong> sono quelli che vengono elaborati dal sito web stesso o da terzi e consentono di quantificare il numero di utenti e quindi di misurare e analizzare statisticamente l&#8217;uso che gli utenti fanno del servizio offerto. A tal fine, la loro navigazione sul sito web in questione viene analizzata al fine di migliorare i prodotti o i servizi offerti.<br \/>\n<strong>Cookies pubblicitari:<\/strong> sono quelli che permettono la gestione, nel modo pi\u00f9 efficiente possibile, degli spazi pubblicitari che, se del caso, l&#8217;editore ha inserito in una pagina web, applicazione o piattaforma dalla quale fornisce il servizio richiesto sulla base di<br \/>\ncriteri quali il contenuto editato o la frequenza con cui vengono mostrati gli annunci.<br \/>\n<strong>Cookies pubblicitari comportamentali:<\/strong> sono quelli che permettono la gestione, nel modo pi\u00f9 efficiente possibile, degli spazi pubblicitari che, se del caso, l&#8217;editore ha inserito in una pagina web, applicazione o piattaforma da cui fornisce il servizio richiesto. Questi cookies memorizzano informazioni sul comportamento degli utenti ottenute attraverso l&#8217;osservazione continua delle loro abitudini di navigazione, che permettono lo sviluppo di un profilo specifico per visualizzare la pubblicit\u00e0 in base ad esso.<br \/>\n\u00c8 anche possibile che quando visitate una pagina web o aprite una e-mail in cui viene pubblicata una pubblicit\u00e0 o una promozione sui prodotti o servizi della pagina web in questione, venga installato nel vostro browser un cookie che serve a mostrarvi successivamente la pubblicit\u00e0 relativa alla ricerca da voi effettuata, a sviluppare un controllo delle nostre pubblicit\u00e0 in relazione, ad esempio, al numero di volte in cui vengono viste, dove appaiono, in quale momento vengono viste, ecc.<br \/>\nIn particolare, su questo sito web vengono utilizzati i seguenti tipi di cookie:<br \/>\n<strong>Session Cookies, Analytics Cookies (Google Analytics)<\/strong><br \/>\nCome riportato in diverse sezioni di questo sito web, siamo consapevoli che, navigando su questo sito web, si accetta questa politica sui cookie e l&#8217;installazione dei cookie sul vostro dispositivo. Tuttavia, se l&#8217;utente desidera consentire espressamente, bloccare o cancellare uno o tutti i cookie utilizzati o revocare il proprio consenso, pu\u00f2 farlo configurando le opzioni del browser. Vi ricordiamo inoltre che se non consentite l&#8217;installazione di cookie sul vostro browser, potreste non essere in grado di accedere ad alcune sezioni del sito web.<br \/>\nPer ulteriori informazioni sul browser Chrome clicca <a href=\"https:\/\/support.google.com\/chrome\/answer\/95647?hl=es&amp;hlrm=en\" target=\"_blank\" rel=\"noopener\">qui<\/a>.<br \/>\nPer ulteriori informazioni sul browser Firefox clicca <a href=\"https:\/\/support.mozilla.org\/es\/kb\/cookies-informacion-que-los-sitios-web-guardan-en-?redirectlocale=en-US&amp;redirectslug=Cookies\" target=\"_blank\" rel=\"noopener\">qui<\/a>.<br \/>\nPer ulteriori informazioni sul browser Internet Explorer clicca <a href=\"http:\/\/windows.microsoft.com\/es-xl\/internet-explorer\/delete-manage-cookies#ie=ie-10\" target=\"_blank\" rel=\"noopener\">qui<\/a>.<br \/>\nPer ulteriori informazioni sul browser Safari clicca <a href=\"http:\/\/support.apple.com\/kb\/PH19214?viewlocale=es_ES&amp;locale=en_GB\" target=\"_blank\" rel=\"noopener\">qui<\/a>.<br \/>\nSe il vostro browser non \u00e8 elencato qui sopra, consultate Internet o le opzioni del vostro browser.<\/p>\n<p>Infine, vi informiamo che, nella misura in cui la nostra politica sui cookie, i cookie utilizzati, le finalit\u00e0, ecc. pu\u00f2 essere aggiornata nel tempo, \u00e8 necessario consultare la politica sui cookie del nostro sito web per conoscere la versione pi\u00f9 aggiornata.<br \/>\nPer maggiori informazioni sull&#8217;uso dei cookie, sulla tipologia, ecc., \u00e8 possibile consultare la guida preparata dall&#8217;Agenzia spagnola per la protezione dei dati personali al seguente link: Guida all&#8217;uso dei cookie.<\/p>\n\t\t\t\t\t\t<\/div>\n\t\t\t\t<\/div>\n\t\t\t\t\t<\/div>\n\t\t<\/div>\n\t\t\t\t\t\t\t<\/div>\n\t\t<\/section>\n\t\t\t\t\t\t\t<\/div>\n\t\t","protected":false},"excerpt":{"rendered":"<p>Informativa sulla privacy 1. Incorporazione dei dati nel file dei dati personali. In conformit\u00e0 con la normativa vigente in materia di protezione dei dati personali, il titolare di To\u00f1iFruit e l&#8217;indirizzo \u00e8 a C\/ Molino Grande, 30892 Librilla. Murcia. Spagna (di seguito il Titolare), informa l&#8217;utente dell&#8217;esistenza di un file di dati personali contenente i &hellip;<\/p>\n<p class=\"read-more\"> <a class=\"\" href=\"https:\/\/tonifruit.com\/it\/informativa-sulla-privacy\/\"> <span class=\"screen-reader-text\">Informativa sulla privacy<\/span> Leggi altro &raquo;<\/a><\/p>\n","protected":false},"author":1,"featured_media":0,"parent":0,"menu_order":99,"comment_status":"closed","ping_status":"closed","template":"","meta":{"site-sidebar-layout":"default","site-content-layout":"default","ast-site-content-layout":"","site-content-style":"default","site-sidebar-style":"default","ast-global-header-display":"","ast-banner-title-visibility":"","ast-main-header-display":"","ast-hfb-above-header-display":"","ast-hfb-below-header-display":"","ast-hfb-mobile-header-display":"","site-post-title":"disabled","ast-breadcrumbs-content":"disabled","ast-featured-img":"disabled","footer-sml-layout":"","theme-transparent-header-meta":"default","adv-header-id-meta":"","stick-header-meta":"","header-above-stick-meta":"","header-main-stick-meta":"","header-below-stick-meta":"","astra-migrate-meta-layouts":"","footnotes":""},"_links":{"self":[{"href":"https:\/\/tonifruit.com\/it\/wp-json\/wp\/v2\/pages\/2702"}],"collection":[{"href":"https:\/\/tonifruit.com\/it\/wp-json\/wp\/v2\/pages"}],"about":[{"href":"https:\/\/tonifruit.com\/it\/wp-json\/wp\/v2\/types\/page"}],"author":[{"embeddable":true,"href":"https:\/\/tonifruit.com\/it\/wp-json\/wp\/v2\/users\/1"}],"replies":[{"embeddable":true,"href":"https:\/\/tonifruit.com\/it\/wp-json\/wp\/v2\/comments?post=2702"}],"version-history":[{"count":1,"href":"https:\/\/tonifruit.com\/it\/wp-json\/wp\/v2\/pages\/2702\/revisions"}],"predecessor-version":[{"id":2703,"href":"https:\/\/tonifruit.com\/it\/wp-json\/wp\/v2\/pages\/2702\/revisions\/2703"}],"wp:attachment":[{"href":"https:\/\/tonifruit.com\/it\/wp-json\/wp\/v2\/media?parent=2702"}],"curies":[{"name":"wp","href":"https:\/\/api.w.org\/{rel}","templated":true}]}}